{"id":362,"date":"2024-08-14T12:08:27","date_gmt":"2024-08-14T10:08:27","guid":{"rendered":"https:\/\/frenchwithmaelle.com\/?page_id=362"},"modified":"2024-09-13T17:08:46","modified_gmt":"2024-09-13T15:08:46","slug":"enseignante-fle","status":"publish","type":"page","link":"https:\/\/frenchwithmaelle.com\/?page_id=362","title":{"rendered":"Qui suis-je ?"},"content":{"rendered":"\t\t<div data-elementor-type=\"wp-page\" data-elementor-id=\"362\" class=\"elementor elementor-362\" data-elementor-post-type=\"page\">\n\t\t\t\t<div class=\"elementor-element elementor-element-2de8cc6 e-flex e-con-boxed e-con e-parent\" data-id=\"2de8cc6\" data-element_type=\"container\">\n\t\t\t\t\t<div class=\"e-con-inner\">\n\t\t\t\t<div class=\"elementor-element elementor-element-b5ea023 elementor-widget elementor-widget-spacer\" data-id=\"b5ea023\" data-element_type=\"widget\" data-widget_type=\"spacer.default\">\n\t\t\t\t<div class=\"elementor-widget-container\">\n\t\t\t\t\t\t\t<div class=\"elementor-spacer\">\n\t\t\t<div class=\"elementor-spacer-inner\"><\/div>\n\t\t<\/div>\n\t\t\t\t\t\t<\/div>\n\t\t\t\t<\/div>\n\t\t\t\t\t<\/div>\n\t\t\t\t<\/div>\n\t\t<div class=\"elementor-element elementor-element-ccd5a7f e-flex e-con-boxed e-con e-parent\" data-id=\"ccd5a7f\" data-element_type=\"container\" data-settings=\"{&quot;background_background&quot;:&quot;classic&quot;}\">\n\t\t\t\t\t<div class=\"e-con-inner\">\n\t\t<div class=\"elementor-element elementor-element-151f98f e-con-full e-flex e-con e-child\" data-id=\"151f98f\" data-element_type=\"container\">\n\t\t\t\t<div class=\"elementor-element elementor-element-73e6690 elementor-widget elementor-widget-image\" data-id=\"73e6690\" data-element_type=\"widget\" data-widget_type=\"image.default\">\n\t\t\t\t<div class=\"elementor-widget-container\">\n\t\t\t\t\t\t\t\t\t\t\t\t\t\t\t<img fetchpriority=\"high\" decoding=\"async\" width=\"683\" height=\"1024\" src=\"https:\/\/frenchwithmaelle.com\/wp-content\/uploads\/2024\/08\/DSC4662-copie-683x1024.jpg\" class=\"attachment-large size-large wp-image-377\" alt=\"\" srcset=\"https:\/\/frenchwithmaelle.com\/wp-content\/uploads\/2024\/08\/DSC4662-copie-683x1024.jpg 683w, https:\/\/frenchwithmaelle.com\/wp-content\/uploads\/2024\/08\/DSC4662-copie-200x300.jpg 200w, https:\/\/frenchwithmaelle.com\/wp-content\/uploads\/2024\/08\/DSC4662-copie-768x1152.jpg 768w, https:\/\/frenchwithmaelle.com\/wp-content\/uploads\/2024\/08\/DSC4662-copie.jpg 857w\" sizes=\"(max-width: 683px) 100vw, 683px\" \/>\t\t\t\t\t\t\t\t\t\t\t\t\t\t\t<\/div>\n\t\t\t\t<\/div>\n\t\t\t\t<\/div>\n\t\t<div class=\"elementor-element elementor-element-9bbedc8 e-con-full e-flex e-con e-child\" data-id=\"9bbedc8\" data-element_type=\"container\">\n\t\t<div class=\"elementor-element elementor-element-8d6e160 e-con-full e-flex e-con e-child\" data-id=\"8d6e160\" data-element_type=\"container\">\n\t\t\t\t<div class=\"elementor-element elementor-element-d91a396 elementor-blockquote--skin-quotation elementor-blockquote--align-center elementor-blockquote--button-color-official elementor-widget elementor-widget-blockquote\" data-id=\"d91a396\" data-element_type=\"widget\" data-widget_type=\"blockquote.default\">\n\t\t\t\t<div class=\"elementor-widget-container\">\n\t\t\t\t\t\t\t<blockquote class=\"elementor-blockquote\">\n\t\t\t<p class=\"elementor-blockquote__content\">\n\t\t\t\tMa\u00eblle Kermorgant\t\t\t<\/p>\n\t\t\t\t\t<\/blockquote>\n\t\t\t\t\t\t<\/div>\n\t\t\t\t<\/div>\n\t\t\t\t<\/div>\n\t\t<div class=\"elementor-element elementor-element-af836b7 e-con-full e-flex e-con e-child\" data-id=\"af836b7\" data-element_type=\"container\">\n\t\t\t\t<div class=\"elementor-element elementor-element-662525f0 elementor-widget elementor-widget-text-editor\" data-id=\"662525f0\" data-element_type=\"widget\" data-widget_type=\"text-editor.default\">\n\t\t\t\t<div class=\"elementor-widget-container\">\n\t\t\t\t\t\t\t\t\t<p>Je suis Ma\u00eblle, enseignante de Fran\u00e7ais Langue \u00c9trang\u00e8re (FLE), partageant mon temps entre des cours en ligne et des vacations \u00e0 l&#8217;universit\u00e9.<\/p><p>Gr\u00e2ce \u00e0 mon environnement multiculturel et mes voyages r\u00e9guliers au Mexique avec mon mari Mexicain, j&#8217;offre une approche p\u00e9dagogique moderne et enrichissante. Je cr\u00e9e des cours flexibles et adapt\u00e9s \u00e0 vos besoins. Que vous soyez d\u00e9butant ou avanc\u00e9, je suis l\u00e0 pour vous accompagner dans votre apprentissage du fran\u00e7ais.<\/p><p>Contactez-moi pour en savoir plus ou r\u00e9server un cours !<\/p>\t\t\t\t\t\t\t\t<\/div>\n\t\t\t\t<\/div>\n\t\t\t\t<\/div>\n\t\t\t\t<\/div>\n\t\t\t\t\t<\/div>\n\t\t\t\t<\/div>\n\t\t<div class=\"elementor-element elementor-element-709383c e-flex e-con-boxed e-con e-parent\" data-id=\"709383c\" data-element_type=\"container\">\n\t\t\t\t\t<div class=\"e-con-inner\">\n\t\t<div class=\"elementor-element elementor-element-48ae38c e-con-full e-flex e-con e-child\" data-id=\"48ae38c\" data-element_type=\"container\">\n\t\t\t\t<\/div>\n\t\t<div class=\"elementor-element elementor-element-f919618 e-con-full e-flex e-con e-child\" data-id=\"f919618\" data-element_type=\"container\">\n\t\t\t\t<div class=\"elementor-element elementor-element-1e0d4d7 elementor-widget elementor-widget-text-editor\" data-id=\"1e0d4d7\" data-element_type=\"widget\" data-widget_type=\"text-editor.default\">\n\t\t\t\t<div class=\"elementor-widget-container\">\n\t\t\t\t\t\t\t\t\t<p>Ma\u00eblle, enseignante passionn\u00e9e de Fran\u00e7ais Langue \u00c9trang\u00e8re (FLE). Je partage mon temps entre des vacations \u00e0 l&#8217;universit\u00e9 et mon projet d&#8217;autoentreprise de cours en ligne, offrant une approche moderne et flexible \u00e0 mes \u00e9tudiants du monde entier.<\/p><p>Relationnelle et s\u00e9rieuse, je cr\u00e9e une ambiance \u00e0 la fois studieuse et chaleureuse dans mes cours. Mon objectif est de vous faire progresser rapidement en fran\u00e7ais tout en vous donnant les cl\u00e9s pour communiquer avec confiance dans des situations r\u00e9elles.<\/p><p>Mon approche p\u00e9dagogique est enrichie par mon environnement multiculturel. Mari\u00e9e \u00e0 un Mexicain, je vis dans un foyer bilingue fran\u00e7ais-espagnol. Nos voyages r\u00e9guliers au Mexique nourrissent mon enseignement d&#8217;une ouverture culturelle pr\u00e9cieuse. En dehors de l&#8217;enseignement, j&#8217;aime passer mes \u00e9t\u00e9s \u00e0 la plage ou au bord de la piscine, plong\u00e9e dans un bon livre. Mon dernier coup de c\u0153ur litt\u00e9raire est <i>Les gens heureux lisent et boivent du caf\u00e9 d&#8217;Agn\u00e8s Martin-Lugand. <\/i><\/p><p><i>Ce projet d&#8217;enseignement en ligne est soutenu par ma famille : mon mari g\u00e8re l&#8217;aspect technique, mes s\u0153urs m&#8217;aident pour le d\u00e9veloppement du projet et la comptabilit\u00e9, tandis que ma m\u00e8re s&#8217;occupe de mon fils et bient\u00f4t de notre deuxi\u00e8me enfant. <\/i><\/p><p><i>Que vous soyez d\u00e9butant ou cherchiez \u00e0 perfectionner votre niveau, je suis pr\u00eate \u00e0 vous accompagner dans votre apprentissage du fran\u00e7ais. N&#8217;h\u00e9sitez pas \u00e0 me contacter pour en savoir plus ou pour r\u00e9server votre premier cours !<\/i><\/p>\t\t\t\t\t\t\t\t<\/div>\n\t\t\t\t<\/div>\n\t\t\t\t<\/div>\n\t\t<div class=\"elementor-element elementor-element-c48a60e e-con-full e-flex e-con e-child\" data-id=\"c48a60e\" data-element_type=\"container\">\n\t\t\t\t<\/div>\n\t\t\t\t\t<\/div>\n\t\t\t\t<\/div>\n\t\t\t\t<\/div>\n\t\t","protected":false},"excerpt":{"rendered":"<p>Ma\u00eblle Kermorgant Je suis Ma\u00eblle, enseignante de Fran\u00e7ais Langue \u00c9trang\u00e8re (FLE), partageant mon temps entre des cours en ligne et des vacations \u00e0 l&#8217;universit\u00e9. Gr\u00e2ce \u00e0 mon environnement multiculturel et mes voyages r\u00e9guliers au Mexique avec mon mari Mexicain, j&#8217;offre une approche p\u00e9dagogique moderne et enrichissante. Je cr\u00e9e des cours flexibles et adapt\u00e9s \u00e0 vos [&hellip;]<\/p>\n","protected":false},"author":2,"featured_media":0,"parent":0,"menu_order":0,"comment_status":"closed","ping_status":"closed","template":"elementor_header_footer","meta":{"footnotes":""},"class_list":["post-362","page","type-page","status-publish","hentry"],"_links":{"self":[{"href":"https:\/\/frenchwithmaelle.com\/index.php?rest_route=\/wp\/v2\/pages\/362","targetHints":{"allow":["GET"]}}],"collection":[{"href":"https:\/\/frenchwithmaelle.com\/index.php?rest_route=\/wp\/v2\/pages"}],"about":[{"href":"https:\/\/frenchwithmaelle.com\/index.php?rest_route=\/wp\/v2\/types\/page"}],"author":[{"embeddable":true,"href":"https:\/\/frenchwithmaelle.com\/index.php?rest_route=\/wp\/v2\/users\/2"}],"replies":[{"embeddable":true,"href":"https:\/\/frenchwithmaelle.com\/index.php?rest_route=%2Fwp%2Fv2%2Fcomments&post=362"}],"version-history":[{"count":19,"href":"https:\/\/frenchwithmaelle.com\/index.php?rest_route=\/wp\/v2\/pages\/362\/revisions"}],"predecessor-version":[{"id":576,"href":"https:\/\/frenchwithmaelle.com\/index.php?rest_route=\/wp\/v2\/pages\/362\/revisions\/576"}],"wp:attachment":[{"href":"https:\/\/frenchwithmaelle.com\/index.php?rest_route=%2Fwp%2Fv2%2Fmedia&parent=362"}],"curies":[{"name":"wp","href":"https:\/\/api.w.org\/{rel}","templated":true}]}}