{"id":437,"date":"2024-09-13T15:19:23","date_gmt":"2024-09-13T13:19:23","guid":{"rendered":"https:\/\/frenchwithmaelle.com\/?page_id=437"},"modified":"2025-06-13T15:24:08","modified_gmt":"2025-06-13T13:24:08","slug":"stage-francais","status":"publish","type":"page","link":"https:\/\/frenchwithmaelle.com\/?page_id=437","title":{"rendered":"Stage semi-intensif"},"content":{"rendered":"\t\t<div data-elementor-type=\"wp-page\" data-elementor-id=\"437\" class=\"elementor elementor-437\" data-elementor-post-type=\"page\">\n\t\t\t\t<div class=\"elementor-element elementor-element-a60883e e-flex e-con-boxed e-con e-parent\" data-id=\"a60883e\" data-element_type=\"container\" data-settings=\"{&quot;background_background&quot;:&quot;classic&quot;}\">\n\t\t\t\t\t<div class=\"e-con-inner\">\n\t\t\t\t<div class=\"elementor-element elementor-element-570b0ad elementor-widget elementor-widget-text-editor\" data-id=\"570b0ad\" data-element_type=\"widget\" data-widget_type=\"text-editor.default\">\n\t\t\t\t<div class=\"elementor-widget-container\">\n\t\t\t\t\t\t\t\t\t<p>Accueil | <strong>Stages<\/strong><\/p>\t\t\t\t\t\t\t\t<\/div>\n\t\t\t\t<\/div>\n\t\t\t\t\t<\/div>\n\t\t\t\t<\/div>\n\t\t\t\t<section class=\"elementor-section elementor-top-section elementor-element elementor-element-533a0543 elementor-section-boxed elementor-section-height-default elementor-section-height-default\" data-id=\"533a0543\" data-element_type=\"section\">\n\t\t\t\t\t\t<div class=\"elementor-container elementor-column-gap-no\">\n\t\t\t\t\t<div class=\"elementor-column elementor-col-100 elementor-top-column elementor-element elementor-element-205ae70\" data-id=\"205ae70\" data-element_type=\"column\">\n\t\t\t<div class=\"elementor-widget-wrap elementor-element-populated\">\n\t\t\t\t\t\t<section class=\"elementor-section elementor-inner-section elementor-element elementor-element-2699adf4 elementor-section-boxed elementor-section-height-default elementor-section-height-default\" data-id=\"2699adf4\" data-element_type=\"section\">\n\t\t\t\t\t\t<div class=\"elementor-container elementor-column-gap-no\">\n\t\t\t\t\t<div class=\"elementor-column elementor-col-100 elementor-inner-column elementor-element elementor-element-279ff68\" data-id=\"279ff68\" data-element_type=\"column\">\n\t\t\t<div class=\"elementor-widget-wrap elementor-element-populated\">\n\t\t\t\t\t\t<div class=\"elementor-element elementor-element-1b38d6b0 elementor-widget elementor-widget-image\" data-id=\"1b38d6b0\" data-element_type=\"widget\" data-widget_type=\"image.default\">\n\t\t\t\t<div class=\"elementor-widget-container\">\n\t\t\t\t\t\t\t\t\t\t\t\t\t\t\t<img fetchpriority=\"high\" decoding=\"async\" width=\"1500\" height=\"1000\" src=\"https:\/\/frenchwithmaelle.com\/wp-content\/uploads\/2024\/09\/DSC4339-copie.jpg\" class=\"attachment-full size-full wp-image-476\" alt=\"\" srcset=\"https:\/\/frenchwithmaelle.com\/wp-content\/uploads\/2024\/09\/DSC4339-copie.jpg 1500w, https:\/\/frenchwithmaelle.com\/wp-content\/uploads\/2024\/09\/DSC4339-copie-300x200.jpg 300w, https:\/\/frenchwithmaelle.com\/wp-content\/uploads\/2024\/09\/DSC4339-copie-1024x683.jpg 1024w, https:\/\/frenchwithmaelle.com\/wp-content\/uploads\/2024\/09\/DSC4339-copie-768x512.jpg 768w\" sizes=\"(max-width: 1500px) 100vw, 1500px\" \/>\t\t\t\t\t\t\t\t\t\t\t\t\t\t\t<\/div>\n\t\t\t\t<\/div>\n\t\t\t\t\t<\/div>\n\t\t<\/div>\n\t\t\t\t\t<\/div>\n\t\t<\/section>\n\t\t\t\t<section class=\"elementor-section elementor-inner-section elementor-element elementor-element-67a019b9 elementor-section-boxed elementor-section-height-default elementor-section-height-default\" data-id=\"67a019b9\" data-element_type=\"section\">\n\t\t\t\t\t\t<div class=\"elementor-container elementor-column-gap-no\">\n\t\t\t\t\t<div class=\"elementor-column elementor-col-33 elementor-inner-column elementor-element elementor-element-47b49d1\" data-id=\"47b49d1\" data-element_type=\"column\">\n\t\t\t<div class=\"elementor-widget-wrap elementor-element-populated\">\n\t\t\t\t\t\t<div class=\"elementor-element elementor-element-706860c8 jkit-equal-height-disable elementor-widget elementor-widget-jkit_icon_box\" data-id=\"706860c8\" data-element_type=\"widget\" data-widget_type=\"jkit_icon_box.default\">\n\t\t\t\t<div class=\"elementor-widget-container\">\n\t\t\t\t\t<div  class=\"jeg-elementor-kit jkit-icon-box icon-position-left elementor-animation- jeg_module___69e1635b5f433\" ><div class=\"jkit-icon-box-wrapper hover-from-left\"><div class=\"icon-box icon-box-header elementor-animation-float\"><div class=\"icon style-color\"><svg aria-hidden=\"true\" class=\"e-font-icon-svg e-fas-clock\" viewBox=\"0 0 512 512\" xmlns=\"http:\/\/www.w3.org\/2000\/svg\"><path d=\"M256,8C119,8,8,119,8,256S119,504,256,504,504,393,504,256,393,8,256,8Zm92.49,313h0l-20,25a16,16,0,0,1-22.49,2.5h0l-67-49.72a40,40,0,0,1-15-31.23V112a16,16,0,0,1,16-16h32a16,16,0,0,1,16,16V256l58,42.5A16,16,0,0,1,348.49,321Z\"><\/path><\/svg><\/div><\/div><div class=\"icon-box icon-box-body\">\n                <h4 class=\"title\">Dur\u00e9e<\/h4><p class=\"icon-box-description\">3 semaines<\/p>\n            <\/div>\n            \n            <\/div><\/div>\t\t\t\t<\/div>\n\t\t\t\t<\/div>\n\t\t\t\t\t<\/div>\n\t\t<\/div>\n\t\t\t\t<div class=\"elementor-column elementor-col-33 elementor-inner-column elementor-element elementor-element-64d9a10c\" data-id=\"64d9a10c\" data-element_type=\"column\">\n\t\t\t<div class=\"elementor-widget-wrap elementor-element-populated\">\n\t\t\t\t\t\t<div class=\"elementor-element elementor-element-391944c8 jkit-equal-height-disable elementor-widget elementor-widget-jkit_icon_box\" data-id=\"391944c8\" data-element_type=\"widget\" data-widget_type=\"jkit_icon_box.default\">\n\t\t\t\t<div class=\"elementor-widget-container\">\n\t\t\t\t\t<div  class=\"jeg-elementor-kit jkit-icon-box icon-position-left elementor-animation- jeg_module__1_69e1635b5ff08\" ><div class=\"jkit-icon-box-wrapper hover-from-left\"><div class=\"icon-box icon-box-header elementor-animation-float\"><div class=\"icon style-color\"><svg aria-hidden=\"true\" class=\"e-font-icon-svg e-fas-graduation-cap\" viewBox=\"0 0 640 512\" xmlns=\"http:\/\/www.w3.org\/2000\/svg\"><path d=\"M622.34 153.2L343.4 67.5c-15.2-4.67-31.6-4.67-46.79 0L17.66 153.2c-23.54 7.23-23.54 38.36 0 45.59l48.63 14.94c-10.67 13.19-17.23 29.28-17.88 46.9C38.78 266.15 32 276.11 32 288c0 10.78 5.68 19.85 13.86 25.65L20.33 428.53C18.11 438.52 25.71 448 35.94 448h56.11c10.24 0 17.84-9.48 15.62-19.47L82.14 313.65C90.32 307.85 96 298.78 96 288c0-11.57-6.47-21.25-15.66-26.87.76-15.02 8.44-28.3 20.69-36.72L296.6 284.5c9.06 2.78 26.44 6.25 46.79 0l278.95-85.7c23.55-7.24 23.55-38.36 0-45.6zM352.79 315.09c-28.53 8.76-52.84 3.92-65.59 0l-145.02-44.55L128 384c0 35.35 85.96 64 192 64s192-28.65 192-64l-14.18-113.47-145.03 44.56z\"><\/path><\/svg><\/div><\/div><div class=\"icon-box icon-box-body\">\n                <h4 class=\"title\">Heures<\/h4><p class=\"icon-box-description\">24h de pratique<\/p>\n            <\/div>\n            \n            <\/div><\/div>\t\t\t\t<\/div>\n\t\t\t\t<\/div>\n\t\t\t\t\t<\/div>\n\t\t<\/div>\n\t\t\t\t<div class=\"elementor-column elementor-col-33 elementor-inner-column elementor-element elementor-element-78dbdb59\" data-id=\"78dbdb59\" data-element_type=\"column\">\n\t\t\t<div class=\"elementor-widget-wrap elementor-element-populated\">\n\t\t\t\t\t\t<div class=\"elementor-element elementor-element-7d4a7370 jkit-equal-height-disable elementor-widget elementor-widget-jkit_icon_box\" data-id=\"7d4a7370\" data-element_type=\"widget\" data-widget_type=\"jkit_icon_box.default\">\n\t\t\t\t<div class=\"elementor-widget-container\">\n\t\t\t\t\t<div  class=\"jeg-elementor-kit jkit-icon-box icon-position-left elementor-animation- jeg_module__2_69e1635b604a1\" ><div class=\"jkit-icon-box-wrapper hover-from-left\"><div class=\"icon-box icon-box-header elementor-animation-float\"><div class=\"icon style-color\"><i aria-hidden=\"true\" class=\"jki jki-language-solid\"><\/i><\/div><\/div><div class=\"icon-box icon-box-body\">\n                <h4 class=\"title\">Langue<\/h4><p class=\"icon-box-description\">Fran\u00e7ais<\/p>\n            <\/div>\n            \n            <\/div><\/div>\t\t\t\t<\/div>\n\t\t\t\t<\/div>\n\t\t\t\t\t<\/div>\n\t\t<\/div>\n\t\t\t\t\t<\/div>\n\t\t<\/section>\n\t\t\t\t<div class=\"elementor-element elementor-element-2e2dad0 elementor-widget elementor-widget-heading\" data-id=\"2e2dad0\" data-element_type=\"widget\" data-widget_type=\"heading.default\">\n\t\t\t\t<div class=\"elementor-widget-container\">\n\t\t\t\t\t<h2 class=\"elementor-heading-title elementor-size-default\">Description du cours<\/h2>\t\t\t\t<\/div>\n\t\t\t\t<\/div>\n\t\t\t\t<div class=\"elementor-element elementor-element-e2de64b elementor-widget elementor-widget-text-editor\" data-id=\"e2de64b\" data-element_type=\"widget\" data-widget_type=\"text-editor.default\">\n\t\t\t\t<div class=\"elementor-widget-container\">\n\t\t\t\t\t\t\t\t\t<p>Les stages semi-intensifs vous permettent d&#8217;apprendre \u00e0 parler fran\u00e7ais rapidement et simplement.<\/p><p>Au programme sur 3 semaines :\u00a0<\/p><ul><li>2 heures de visio, 4 fois par semaine soit au total 24 heures de pratique orale en groupe<\/li><li>Une plateforme d&#8217;apprentissage en ligne\u00a0<\/li><\/ul><p>\u00a0<\/p><p>Cette formule se compose d&#8217;une plateforme de cours en ligne et de visios en petit groupe (maximum 8 personnes). La plateforme de cours vous permet de travailler la compr\u00e9hension orale et \u00e9crite, la phon\u00e9tique&#8230; et de pr\u00e9parer au cours en visio. Les visios sont l\u00e0 pour vous faire parler fran\u00e7ais et vous permettre d&#8217;apprendre \u00e0 vous exprimer.\u00a0<\/p>\t\t\t\t\t\t\t\t<\/div>\n\t\t\t\t<\/div>\n\t\t\t\t<div class=\"elementor-element elementor-element-2868764 elementor-widget elementor-widget-heading\" data-id=\"2868764\" data-element_type=\"widget\" data-widget_type=\"heading.default\">\n\t\t\t\t<div class=\"elementor-widget-container\">\n\t\t\t\t\t<h2 class=\"elementor-heading-title elementor-size-default\">Ma m\u00e9thodologie<\/h2>\t\t\t\t<\/div>\n\t\t\t\t<\/div>\n\t\t\t\t<div class=\"elementor-element elementor-element-c17dc24 elementor-widget elementor-widget-text-editor\" data-id=\"c17dc24\" data-element_type=\"widget\" data-widget_type=\"text-editor.default\">\n\t\t\t\t<div class=\"elementor-widget-container\">\n\t\t\t\t\t\t\t\t\t<h3>Je m&#8217;appuie sur des outils modernes et efficaces :<\/h3><ul><li>Un manuel de fran\u00e7ais langue \u00e9trang\u00e8re reconnu<\/li><li>Une plateforme d&#8217;apprentissage en ligne<\/li><li>Des ressources p\u00e9dagogiques vari\u00e9es et actuelles<\/li><\/ul><h3>Des cours adapt\u00e9s \u00e0 vos besoins r\u00e9els<\/h3><p>Mes cours vous pr\u00e9parent \u00e0 utiliser le fran\u00e7ais dans votre vie quotidienne, professionnelle et personnelle. J&#8217;aborde des situations concr\u00e8tes que vous rencontrerez en France ou dans un pays francophone.Un apprentissage actif et motivant<\/p><ul><li>Vous \u00eates au c\u0153ur de l&#8217;apprentissage : vous observez, r\u00e9fl\u00e9chissez et pratiquez la langue<\/li><li>Vous r\u00e9alisez des t\u00e2ches concr\u00e8tes comme dans la vie r\u00e9elle, seul ou en groupe selon l\u2019offre de cours que vous avez choisie<\/li><li>Vous d\u00e9veloppez des strat\u00e9gies pour mieux apprendre, comprendre et communiquer<\/li><\/ul><h3>Une progression bien structur\u00e9e :<\/h3><p>Chaque le\u00e7on suit un sc\u00e9nario clair :<\/p><ul><li>Un objectif pr\u00e9cis est fix\u00e9 d\u00e8s le d\u00e9part<\/li><li>Vous acqu\u00e9rez progressivement le vocabulaire, la grammaire et la prononciation n\u00e9cessaires<\/li><li>Vous mettez en pratique vos nouvelles connaissances dans des activit\u00e9s vari\u00e9es<\/li><li>Vous r\u00e9alisez une t\u00e2che finale qui mobilise tout ce que vous avez appris<\/li><\/ul><h3>Un focus sur la culture francophone\u00a0<\/h3><p>Vous d\u00e9couvrez la culture fran\u00e7aise et francophone \u00e0 travers :<\/p><ul><li>Des documents authentiques (articles, vid\u00e9os, chansons&#8230;)<\/li><li>Des points culturels r\u00e9guliers<\/li><li>Des discussions et comparaisons avec votre propre culture<\/li><\/ul><h3>Des techniques pour mieux m\u00e9moriser<\/h3><p>J&#8217;utilise diverses m\u00e9thodes pour faciliter la m\u00e9morisation :<\/p><ul><li>Des activit\u00e9s ludiques et vari\u00e9es<\/li><li>Des outils visuels (sch\u00e9mas, cartes mentales&#8230;)<\/li><li>Des r\u00e9capitulatifs r\u00e9guliers<\/li><\/ul><h3>Une prise en compte de vos acquis<\/h3><p>Vous n&#8217;\u00eates pas une page blanche ! Je m&#8217;appuie sur ce que vous savez d\u00e9j\u00e0, que ce soit en fran\u00e7ais ou dans votre langue maternelle, pour progresser plus efficacement.<\/p><h3>Un suivi r\u00e9gulier de vos progr\u00e8s<\/h3><ul><li>Des exercices et bilans r\u00e9guliers pour \u00e9valuer vos progr\u00e8s<\/li><li>Des activit\u00e9s compl\u00e9mentaires sur la plateforme en ligne<\/li><li>Une pr\u00e9paration aux examens officiels de fran\u00e7ais<\/li><\/ul><p>\u00a0<\/p><p>Avec cette m\u00e9thode, vous apprenez le fran\u00e7ais de mani\u00e8re naturelle, efficace et motivante. Vous d\u00e9veloppez rapidement vos comp\u00e9tences pour communiquer avec confiance dans diverses situations de la vie courante.<\/p>\t\t\t\t\t\t\t\t<\/div>\n\t\t\t\t<\/div>\n\t\t\t\t<div class=\"elementor-element elementor-element-a8b66f1 elementor-widget elementor-widget-heading\" data-id=\"a8b66f1\" data-element_type=\"widget\" data-widget_type=\"heading.default\">\n\t\t\t\t<div class=\"elementor-widget-container\">\n\t\t\t\t\t<h2 class=\"elementor-heading-title elementor-size-default\">Prochaines dates<\/h2>\t\t\t\t<\/div>\n\t\t\t\t<\/div>\n\t\t\t\t<div class=\"elementor-element elementor-element-128daaa elementor-widget elementor-widget-text-editor\" data-id=\"128daaa\" data-element_type=\"widget\" data-widget_type=\"text-editor.default\">\n\t\t\t\t<div class=\"elementor-widget-container\">\n\t\t\t\t\t\t\t\t\t<p>du 15 Septembre au 10 Octobre : stage semi intensif &#8211; niveau interm\u00e9diaire (b1)\u00a0<\/p>\t\t\t\t\t\t\t\t<\/div>\n\t\t\t\t<\/div>\n\t\t\t\t<div class=\"elementor-element elementor-element-4c2a9e3 elementor-widget elementor-widget-heading\" data-id=\"4c2a9e3\" data-element_type=\"widget\" data-widget_type=\"heading.default\">\n\t\t\t\t<div class=\"elementor-widget-container\">\n\t\t\t\t\t<h2 class=\"elementor-heading-title elementor-size-default\">Informations compl\u00e9mentaires<\/h2>\t\t\t\t<\/div>\n\t\t\t\t<\/div>\n\t\t\t\t<div class=\"elementor-element elementor-element-5534b795 elementor-widget elementor-widget-jkit_accordion\" data-id=\"5534b795\" data-element_type=\"widget\" data-widget_type=\"jkit_accordion.default\">\n\t\t\t\t<div class=\"elementor-widget-container\">\n\t\t\t\t\t<div  class=\"jeg-elementor-kit jkit-accordion style-default jeg_module__3_69e1635b63c4a\" ><div class=\"card-wrapper expand\">\n                <div class=\"card-header\">\n                    <a href=\"#expand-9a0b421\" class=\"card-header-button\" aria-expanded=\"false\" data-target=\"#expand-9a0b421\" aria-controls=\"expand-9a0b421\">\n                        <span class=\"title\">Comment se passe l&#039;inscription ?<\/span><div class=\"right-icon-group\">\n                <div class=\"normal-icon\"><svg aria-hidden=\"true\" class=\"e-font-icon-svg e-fas-chevron-down\" viewBox=\"0 0 448 512\" xmlns=\"http:\/\/www.w3.org\/2000\/svg\"><path d=\"M207.029 381.476L12.686 187.132c-9.373-9.373-9.373-24.569 0-33.941l22.667-22.667c9.357-9.357 24.522-9.375 33.901-.04L224 284.505l154.745-154.021c9.379-9.335 24.544-9.317 33.901.04l22.667 22.667c9.373 9.373 9.373 24.569 0 33.941L240.971 381.476c-9.373 9.372-24.569 9.372-33.942 0z\"><\/path><\/svg><\/div>\n                <div class=\"active-icon\"><svg aria-hidden=\"true\" class=\"e-font-icon-svg e-fas-chevron-up\" viewBox=\"0 0 448 512\" xmlns=\"http:\/\/www.w3.org\/2000\/svg\"><path d=\"M240.971 130.524l194.343 194.343c9.373 9.373 9.373 24.569 0 33.941l-22.667 22.667c-9.357 9.357-24.522 9.375-33.901.04L224 227.495 69.255 381.516c-9.379 9.335-24.544 9.317-33.901-.04l-22.667-22.667c-9.373-9.373-9.373-24.569 0-33.941L207.03 130.525c9.372-9.373 24.568-9.373 33.941-.001z\"><\/path><\/svg><\/div>\n            <\/div>\n                    <\/a>\n                <\/div>\n                <div class=\"card-expand\" id=\"expand-9a0b421\" style=\"display:block\"><div class=\"card-body\"><p>Vous prenez rendez-vous avec moi en cliquant sur ce lien :\u00a0<\/p><p>Ce premier rendez-vous de 30 min me permet de mieux cibler vos besoins, vos attentes et votre niveau ainsi que vous expliquer le d\u00e9roulement du stage.<\/p><p>\u00a0A la suite de ce rendez-vous et apr\u00e8s votre inscription d\u00e9finitive, vous recevrez vos codes d'acc\u00e8s \u00e0 la plateforme de formation ainsi qu'un e-mail vous permettant de vous pr\u00e9parer au premier cours.<\/p><\/div><\/div>\n            <\/div><div class=\"card-wrapper \">\n                <div class=\"card-header\">\n                    <a href=\"#expand-d197244\" class=\"card-header-button\" aria-expanded=\"false\" data-target=\"#expand-d197244\" aria-controls=\"expand-d197244\">\n                        <span class=\"title\">Qu&#039;est-ce qui est compris dans le stage ?<\/span><div class=\"right-icon-group\">\n                <div class=\"normal-icon\"><svg aria-hidden=\"true\" class=\"e-font-icon-svg e-fas-chevron-down\" viewBox=\"0 0 448 512\" xmlns=\"http:\/\/www.w3.org\/2000\/svg\"><path d=\"M207.029 381.476L12.686 187.132c-9.373-9.373-9.373-24.569 0-33.941l22.667-22.667c9.357-9.357 24.522-9.375 33.901-.04L224 284.505l154.745-154.021c9.379-9.335 24.544-9.317 33.901.04l22.667 22.667c9.373 9.373 9.373 24.569 0 33.941L240.971 381.476c-9.373 9.372-24.569 9.372-33.942 0z\"><\/path><\/svg><\/div>\n                <div class=\"active-icon\"><svg aria-hidden=\"true\" class=\"e-font-icon-svg e-fas-chevron-up\" viewBox=\"0 0 448 512\" xmlns=\"http:\/\/www.w3.org\/2000\/svg\"><path d=\"M240.971 130.524l194.343 194.343c9.373 9.373 9.373 24.569 0 33.941l-22.667 22.667c-9.357 9.357-24.522 9.375-33.901.04L224 227.495 69.255 381.516c-9.379 9.335-24.544 9.317-33.901-.04l-22.667-22.667c-9.373-9.373-9.373-24.569 0-33.941L207.03 130.525c9.372-9.373 24.568-9.373 33.941-.001z\"><\/path><\/svg><\/div>\n            <\/div>\n                    <\/a>\n                <\/div>\n                <div class=\"card-expand\" id=\"expand-d197244\" style=\"display:none\"><div class=\"card-body\"><p>Le stage vous donne acc\u00e8s pendant 3 semaines \u00e0 :\u00a0<\/p><ul><li>24 heures de cours de travail oral en groupe<\/li><li>une plateforme d'apprentissage en ligne<\/li><\/ul><\/div><\/div>\n            <\/div><div class=\"card-wrapper \">\n                <div class=\"card-header\">\n                    <a href=\"#expand-0c5b728\" class=\"card-header-button\" aria-expanded=\"false\" data-target=\"#expand-0c5b728\" aria-controls=\"expand-0c5b728\">\n                        <span class=\"title\">Quand se d\u00e9roulent les cours en groupe ? <\/span><div class=\"right-icon-group\">\n                <div class=\"normal-icon\"><svg aria-hidden=\"true\" class=\"e-font-icon-svg e-fas-chevron-down\" viewBox=\"0 0 448 512\" xmlns=\"http:\/\/www.w3.org\/2000\/svg\"><path d=\"M207.029 381.476L12.686 187.132c-9.373-9.373-9.373-24.569 0-33.941l22.667-22.667c9.357-9.357 24.522-9.375 33.901-.04L224 284.505l154.745-154.021c9.379-9.335 24.544-9.317 33.901.04l22.667 22.667c9.373 9.373 9.373 24.569 0 33.941L240.971 381.476c-9.373 9.372-24.569 9.372-33.942 0z\"><\/path><\/svg><\/div>\n                <div class=\"active-icon\"><svg aria-hidden=\"true\" class=\"e-font-icon-svg e-fas-chevron-up\" viewBox=\"0 0 448 512\" xmlns=\"http:\/\/www.w3.org\/2000\/svg\"><path d=\"M240.971 130.524l194.343 194.343c9.373 9.373 9.373 24.569 0 33.941l-22.667 22.667c-9.357 9.357-24.522 9.375-33.901.04L224 227.495 69.255 381.516c-9.379 9.335-24.544 9.317-33.901-.04l-22.667-22.667c-9.373-9.373-9.373-24.569 0-33.941L207.03 130.525c9.372-9.373 24.568-9.373 33.941-.001z\"><\/path><\/svg><\/div>\n            <\/div>\n                    <\/a>\n                <\/div>\n                <div class=\"card-expand\" id=\"expand-0c5b728\" style=\"display:none\"><div class=\"card-body\"><p>Les lundis, mardis, mercredis et jeudis de 18h \u00e0 20h.<\/p><p><br \/>Ensuite vous b\u00e9n\u00e9ficiez d'exercices individuels gr\u00e2ce \u00e0 la plateforme d'apprentissage en ligne.<\/p><\/div><\/div>\n            <\/div><\/div>\t\t\t\t<\/div>\n\t\t\t\t<\/div>\n\t\t\t\t<section class=\"elementor-section elementor-inner-section elementor-element elementor-element-2045e652 elementor-section-boxed elementor-section-height-default elementor-section-height-default\" data-id=\"2045e652\" data-element_type=\"section\">\n\t\t\t\t\t\t<div class=\"elementor-container elementor-column-gap-no\">\n\t\t\t\t\t<div class=\"elementor-column elementor-col-100 elementor-inner-column elementor-element elementor-element-19289773\" data-id=\"19289773\" data-element_type=\"column\">\n\t\t\t<div class=\"elementor-widget-wrap elementor-element-populated\">\n\t\t\t\t\t\t<div class=\"elementor-element elementor-element-4bd278c8 elementor-widget__width-auto elementor-widget elementor-widget-text-editor\" data-id=\"4bd278c8\" data-element_type=\"widget\" data-widget_type=\"text-editor.default\">\n\t\t\t\t<div class=\"elementor-widget-container\">\n\t\t\t\t\t\t\t\t\tShare Course : \t\t\t\t\t\t\t\t<\/div>\n\t\t\t\t<\/div>\n\t\t\t\t<div class=\"elementor-element elementor-element-50f42005 jkit-social-shape shape-rounded elementor-widget__width-auto elementor-widget elementor-widget-jkit_social_share\" data-id=\"50f42005\" data-element_type=\"widget\" data-widget_type=\"jkit_social_share.default\">\n\t\t\t\t<div class=\"elementor-widget-container\">\n\t\t\t\t\t<div  class=\"jeg-elementor-kit jkit-social-share jeg_module__4_69e1635b65248\" ><ul class=\"social-share-list\"><li class=\"elementor-repeater-item-6aef654\" data-social=\"facebook\">\n\t\t\t\t<a href=\"#\" class=\"facebook social-icon\" aria-label=\"social-share\"><svg viewBox=\"0 0 320 512\" xmlns=\"http:\/\/www.w3.org\/2000\/svg\"><path d=\"M279.14 288l14.22-92.66h-88.91v-60.13c0-25.35 12.42-50.06 52.24-50.06h40.42V6.26S260.43 0 225.36 0c-73.22 0-121.08 44.38-121.08 124.72v70.62H22.89V288h81.39v224h100.17V288z\"><\/path><\/svg><\/a>\n\t\t\t<\/li><li class=\"elementor-repeater-item-fa4126f\" data-social=\"twitter\">\n\t\t\t\t<a href=\"#\" class=\"twitter social-icon\" aria-label=\"social-share\"><svg viewBox=\"0 0 512 512\" xmlns=\"http:\/\/www.w3.org\/2000\/svg\"><path d=\"M459.37 151.716c.325 4.548.325 9.097.325 13.645 0 138.72-105.583 298.558-298.558 298.558-59.452 0-114.68-17.219-161.137-47.106 8.447.974 16.568 1.299 25.34 1.299 49.055 0 94.213-16.568 130.274-44.832-46.132-.975-84.792-31.188-98.112-72.772 6.498.974 12.995 1.624 19.818 1.624 9.421 0 18.843-1.3 27.614-3.573-48.081-9.747-84.143-51.98-84.143-102.985v-1.299c13.969 7.797 30.214 12.67 47.431 13.319-28.264-18.843-46.781-51.005-46.781-87.391 0-19.492 5.197-37.36 14.294-52.954 51.655 63.675 129.3 105.258 216.365 109.807-1.624-7.797-2.599-15.918-2.599-24.04 0-57.828 46.782-104.934 104.934-104.934 30.213 0 57.502 12.67 76.67 33.137 23.715-4.548 46.456-13.32 66.599-25.34-7.798 24.366-24.366 44.833-46.132 57.827 21.117-2.273 41.584-8.122 60.426-16.243-14.292 20.791-32.161 39.308-52.628 54.253z\"><\/path><\/svg><\/a>\n\t\t\t<\/li><li class=\"elementor-repeater-item-5d45dd9\" data-social=\"linkedin\">\n\t\t\t\t<a href=\"#\" class=\"linkedin social-icon\" aria-label=\"social-share\"><svg viewBox=\"0 0 448 512\" xmlns=\"http:\/\/www.w3.org\/2000\/svg\"><path d=\"M100.28 448H7.4V148.9h92.88zM53.79 108.1C24.09 108.1 0 83.5 0 53.8a53.79 53.79 0 0 1 107.58 0c0 29.7-24.1 54.3-53.79 54.3zM447.9 448h-92.68V302.4c0-34.7-.7-79.2-48.29-79.2-48.29 0-55.69 37.7-55.69 76.7V448h-92.78V148.9h89.08v40.8h1.3c12.4-23.5 42.69-48.3 87.88-48.3 94 0 111.28 61.9 111.28 142.3V448z\"><\/path><\/svg><\/a>\n\t\t\t<\/li><\/ul><\/div>\t\t\t\t<\/div>\n\t\t\t\t<\/div>\n\t\t\t\t\t<\/div>\n\t\t<\/div>\n\t\t\t\t\t<\/div>\n\t\t<\/section>\n\t\t\t\t\t<\/div>\n\t\t<\/div>\n\t\t\t\t\t<\/div>\n\t\t<\/section>\n\t\t\t\t<section class=\"elementor-section elementor-top-section elementor-element elementor-element-450eb2bc elementor-section-boxed elementor-section-height-default elementor-section-height-default\" data-id=\"450eb2bc\" data-element_type=\"section\">\n\t\t\t\t\t\t<div class=\"elementor-container elementor-column-gap-no\">\n\t\t\t\t\t<div class=\"elementor-column elementor-col-100 elementor-top-column elementor-element elementor-element-20c9bf41\" data-id=\"20c9bf41\" data-element_type=\"column\">\n\t\t\t<div class=\"elementor-widget-wrap\">\n\t\t\t\t\t\t\t<\/div>\n\t\t<\/div>\n\t\t\t\t\t<\/div>\n\t\t<\/section>\n\t\t<div class=\"elementor-element elementor-element-cdd3957 e-flex e-con-boxed e-con e-parent\" data-id=\"cdd3957\" data-element_type=\"container\">\n\t\t\t\t\t<div class=\"e-con-inner\">\n\t\t\t\t\t<\/div>\n\t\t\t\t<\/div>\n\t\t\t\t<\/div>\n\t\t","protected":false},"excerpt":{"rendered":"<p>Accueil | Stages Dur\u00e9e 3 semaines Heures 24h de pratique Langue Fran\u00e7ais Description du cours Les stages semi-intensifs vous permettent d&#8217;apprendre \u00e0 parler fran\u00e7ais rapidement et simplement. Au programme sur 3 semaines :\u00a0 2 heures de visio, 4 fois par semaine soit au total 24 heures de pratique orale en groupe Une plateforme d&#8217;apprentissage en [&hellip;]<\/p>\n","protected":false},"author":2,"featured_media":0,"parent":0,"menu_order":0,"comment_status":"closed","ping_status":"closed","template":"elementor_canvas","meta":{"footnotes":""},"class_list":["post-437","page","type-page","status-publish","hentry"],"_links":{"self":[{"href":"https:\/\/frenchwithmaelle.com\/index.php?rest_route=\/wp\/v2\/pages\/437","targetHints":{"allow":["GET"]}}],"collection":[{"href":"https:\/\/frenchwithmaelle.com\/index.php?rest_route=\/wp\/v2\/pages"}],"about":[{"href":"https:\/\/frenchwithmaelle.com\/index.php?rest_route=\/wp\/v2\/types\/page"}],"author":[{"embeddable":true,"href":"https:\/\/frenchwithmaelle.com\/index.php?rest_route=\/wp\/v2\/users\/2"}],"replies":[{"embeddable":true,"href":"https:\/\/frenchwithmaelle.com\/index.php?rest_route=%2Fwp%2Fv2%2Fcomments&post=437"}],"version-history":[{"count":46,"href":"https:\/\/frenchwithmaelle.com\/index.php?rest_route=\/wp\/v2\/pages\/437\/revisions"}],"predecessor-version":[{"id":653,"href":"https:\/\/frenchwithmaelle.com\/index.php?rest_route=\/wp\/v2\/pages\/437\/revisions\/653"}],"wp:attachment":[{"href":"https:\/\/frenchwithmaelle.com\/index.php?rest_route=%2Fwp%2Fv2%2Fmedia&parent=437"}],"curies":[{"name":"wp","href":"https:\/\/api.w.org\/{rel}","templated":true}]}}